{"id":1134,"date":"2024-06-21T06:58:05","date_gmt":"2024-06-21T03:58:05","guid":{"rendered":"https:\/\/etui.ee\/kontakt\/"},"modified":"2025-08-17T12:49:56","modified_gmt":"2025-08-17T09:49:56","slug":"contacts","status":"publish","type":"page","link":"https:\/\/etui.ee\/en\/contacts\/","title":{"rendered":"Contacts"},"content":{"rendered":"\n<div class=\"wp-block-cover alignfull is-light\" style=\"min-height:100px;aspect-ratio:unset;\"><img loading=\"lazy\" decoding=\"async\" width=\"1920\" height=\"100\" class=\"wp-block-cover__image-background wp-image-258\" alt=\"\" src=\"https:\/\/etui.ee\/wp-content\/uploads\/2024\/09\/Veebi-tavalehe-paisefoto-1920-x-1080-px-1.png\" data-object-fit=\"cover\" srcset=\"https:\/\/etui.ee\/wp-content\/uploads\/2024\/09\/Veebi-tavalehe-paisefoto-1920-x-1080-px-1.png 1920w, https:\/\/etui.ee\/wp-content\/uploads\/2024\/09\/Veebi-tavalehe-paisefoto-1920-x-1080-px-1-300x16.png 300w, https:\/\/etui.ee\/wp-content\/uploads\/2024\/09\/Veebi-tavalehe-paisefoto-1920-x-1080-px-1-1024x53.png 1024w, https:\/\/etui.ee\/wp-content\/uploads\/2024\/09\/Veebi-tavalehe-paisefoto-1920-x-1080-px-1-768x40.png 768w, https:\/\/etui.ee\/wp-content\/uploads\/2024\/09\/Veebi-tavalehe-paisefoto-1920-x-1080-px-1-1536x80.png 1536w\" sizes=\"auto, (max-width: 1920px) 100vw, 1920px\" \/><span aria-hidden=\"true\" class=\"wp-block-cover__background has-background-dim\" style=\"background-color:#f4ce53\"><\/span><div class=\"wp-block-cover__inner-container has-global-padding is-layout-constrained wp-block-cover-is-layout-constrained\">\n<h1 class=\"wp-block-heading has-text-align-left has-large-font-size\">Contacts<\/h1>\n<\/div><\/div>\n\n\n\n<div class=\"wp-block-group alignfull has-background-background-color has-background has-global-padding is-layout-constrained wp-container-core-group-is-layout-7276a2bb wp-block-group-is-layout-constrained\" style=\"margin-top:0;margin-bottom:0;padding-top:var(--wp--preset--spacing--60);padding-right:var(--wp--preset--spacing--30);padding-bottom:var(--wp--preset--spacing--60);padding-left:var(--wp--preset--spacing--30)\">\n<div class=\"wp-block-columns alignwide is-layout-flex wp-container-core-columns-is-layout-fa584acd wp-block-columns-is-layout-flex\">\n<div class=\"wp-block-column is-vertically-aligned-stretch is-layout-flow wp-block-column-is-layout-flow\" style=\"flex-basis:50%\">\n<p><strong>Estonian Institute for Future Studies<\/strong><br><br>+372 527 8889<br><a href=\"mailto:info@etui.ee\">info@etui.ee<\/a><\/p>\n\n\n\n<p>Office: L\u00f5\u00f5tsa 6, 11415 Tallinn (\u00dclemiste City), Estonia<\/p>\n\n\n\n<p><\/p>\n\n\n\n<p><\/p>\n\n\n\n<h6 class=\"wp-block-heading\"><strong>Bank Details:<\/strong><\/h6>\n\n\n\n<p>Eesti Tulevikuuuringute Instituut MT\u00dc<br>EE042200001120030603 <\/p>\n\n\n\n<p><\/p>\n<\/div>\n<\/div>\n\n\n\n<h4 class=\"wp-block-heading\"><\/h4>\n<\/div>\n","protected":false},"excerpt":{"rendered":"<p>Estonian Institute for Future Studies +372 527 8889info@etui.ee Office: L\u00f5\u00f5tsa 6, 11415 Tallinn (\u00dclemiste City), Estonia Bank Details: Eesti Tulevikuuuringute Instituut MT\u00dcEE042200001120030603<\/p>\n","protected":false},"author":1,"featured_media":0,"parent":0,"menu_order":0,"comment_status":"closed","ping_status":"closed","template":"no-title","meta":{"give_campaign_id":0,"_monsterinsights_skip_tracking":false,"_monsterinsights_sitenote_active":false,"_monsterinsights_sitenote_note":"","_monsterinsights_sitenote_category":0,"_EventAllDay":false,"_EventTimezone":"","_EventStartDate":"","_EventEndDate":"","_EventStartDateUTC":"","_EventEndDateUTC":"","_EventShowMap":false,"_EventShowMapLink":false,"_EventURL":"","_EventCost":"","_EventCostDescription":"","_EventCurrencySymbol":"","_EventCurrencyCode":"","_EventCurrencyPosition":"","_EventDateTimeSeparator":"","_EventTimeRangeSeparator":"","_EventOrganizerID":[],"_EventVenueID":[],"_OrganizerEmail":"","_OrganizerPhone":"","_OrganizerWebsite":"","_VenueAddress":"","_VenueCity":"","_VenueCountry":"","_VenueProvince":"","_VenueState":"","_VenueZip":"","_VenuePhone":"","_VenueURL":"","_VenueStateProvince":"","_VenueLat":"","_VenueLng":"","_VenueShowMap":false,"_VenueShowMapLink":false,"footnotes":""},"class_list":["post-1134","page","type-page","status-publish","hentry"],"aioseo_notices":[],"campaignId":"","_links":{"self":[{"href":"https:\/\/etui.ee\/en\/wp-json\/wp\/v2\/pages\/1134","targetHints":{"allow":["GET"]}}],"collection":[{"href":"https:\/\/etui.ee\/en\/wp-json\/wp\/v2\/pages"}],"about":[{"href":"https:\/\/etui.ee\/en\/wp-json\/wp\/v2\/types\/page"}],"author":[{"embeddable":true,"href":"https:\/\/etui.ee\/en\/wp-json\/wp\/v2\/users\/1"}],"replies":[{"embeddable":true,"href":"https:\/\/etui.ee\/en\/wp-json\/wp\/v2\/comments?post=1134"}],"version-history":[{"count":11,"href":"https:\/\/etui.ee\/en\/wp-json\/wp\/v2\/pages\/1134\/revisions"}],"predecessor-version":[{"id":1782,"href":"https:\/\/etui.ee\/en\/wp-json\/wp\/v2\/pages\/1134\/revisions\/1782"}],"wp:attachment":[{"href":"https:\/\/etui.ee\/en\/wp-json\/wp\/v2\/media?parent=1134"}],"curies":[{"name":"wp","href":"https:\/\/api.w.org\/{rel}","templated":true}]}}